{"id":87,"date":"2020-05-27T21:48:43","date_gmt":"2020-05-28T00:48:43","guid":{"rendered":"http:\/\/18.230.161.200\/?page_id=87"},"modified":"2020-08-04T20:24:51","modified_gmt":"2020-08-04T23:24:51","slug":"cursos","status":"publish","type":"page","link":"https:\/\/www.editorasynapse.org\/index.php\/cursos\/","title":{"rendered":"Cursos"},"content":{"rendered":"\n<h2 class=\"has-text-align-center wp-block-heading\">Alunos<\/h2>\n\n\n\n<p class=\"has-text-align-center\">Adquirir novos conhecimentos e forma\u00e7\u00f5es \u00e9 essencial para a realiza\u00e7\u00e3o pessoal e profissional. Por isso estamos aqui para oferecer cursos atualizados e voltados ao seu interesse nas mais diversas \u00e1reas. Em breve iremos abrir as inscri\u00e7\u00f5es! Fique de olho.<\/p>\n\n\n\n<h2 class=\"has-text-align-center wp-block-heading\">Professores<\/h2>\n\n\n\n<p>Oferecemos oportunidades para professores EAD. Se voc\u00ea tem interesse de concretizar uma parceria conosco, nos <a href=\"http:\/\/www.editorasynapse.org\/index.php\/267-2\/\">envie<\/a> seu curr\u00edculo.<\/p>\n","protected":false},"excerpt":{"rendered":"<p>Alunos Adquirir novos conhecimentos e forma\u00e7\u00f5es \u00e9 essencial para a realiza\u00e7\u00e3o pessoal e profissional. Por isso estamos aqui para oferecer cursos atualizados e voltados ao seu interesse nas mais diversas \u00e1reas. Em breve iremos abrir as inscri\u00e7\u00f5es! Fique de olho. Professores Oferecemos oportunidades para professores EAD. Se voc\u00ea tem interesse de concretizar uma parceria conosco,<br \/><a class=\"btn btn-theme post-btn\" href=\"https:\/\/www.editorasynapse.org\/index.php\/cursos\/\">Ler mais<\/a><\/p>\n","protected":false},"author":1,"featured_media":0,"parent":0,"menu_order":0,"comment_status":"closed","ping_status":"closed","template":"","meta":{"footnotes":""},"_links":{"self":[{"href":"https:\/\/www.editorasynapse.org\/index.php\/wp-json\/wp\/v2\/pages\/87"}],"collection":[{"href":"https:\/\/www.editorasynapse.org\/index.php\/wp-json\/wp\/v2\/pages"}],"about":[{"href":"https:\/\/www.editorasynapse.org\/index.php\/wp-json\/wp\/v2\/types\/page"}],"author":[{"embeddable":true,"href":"https:\/\/www.editorasynapse.org\/index.php\/wp-json\/wp\/v2\/users\/1"}],"replies":[{"embeddable":true,"href":"https:\/\/www.editorasynapse.org\/index.php\/wp-json\/wp\/v2\/comments?post=87"}],"version-history":[{"count":12,"href":"https:\/\/www.editorasynapse.org\/index.php\/wp-json\/wp\/v2\/pages\/87\/revisions"}],"predecessor-version":[{"id":646,"href":"https:\/\/www.editorasynapse.org\/index.php\/wp-json\/wp\/v2\/pages\/87\/revisions\/646"}],"wp:attachment":[{"href":"https:\/\/www.editorasynapse.org\/index.php\/wp-json\/wp\/v2\/media?parent=87"}],"curies":[{"name":"wp","href":"https:\/\/api.w.org\/{rel}","templated":true}]}}