{"id":59,"date":"2020-05-27T21:36:06","date_gmt":"2020-05-28T00:36:06","guid":{"rendered":"http:\/\/18.230.161.200\/?page_id=59"},"modified":"2020-10-31T21:14:55","modified_gmt":"2020-11-01T00:14:55","slug":"orientacaotrabalhos","status":"publish","type":"page","link":"https:\/\/www.editorasynapse.org\/index.php\/orientacaotrabalhos\/","title":{"rendered":"Orienta\u00e7\u00e3o Trabalhos"},"content":{"rendered":"\n<div class=\"wp-block-image\"><figure class=\"aligncenter size-large is-resized\"><img decoding=\"async\" loading=\"lazy\" src=\"http:\/\/www.editorasynapse.org\/wp-content\/uploads\/2020\/07\/Orienta\u00e7\u00e3o1.jpg\" alt=\"\" class=\"wp-image-556\" width=\"342\" height=\"343\" srcset=\"https:\/\/www.editorasynapse.org\/wp-content\/uploads\/2020\/07\/Orienta\u00e7\u00e3o1.jpg 600w, https:\/\/www.editorasynapse.org\/wp-content\/uploads\/2020\/07\/Orienta\u00e7\u00e3o1-596x600.jpg 596w, https:\/\/www.editorasynapse.org\/wp-content\/uploads\/2020\/07\/Orienta\u00e7\u00e3o1-300x300.jpg 300w\" sizes=\"(max-width: 342px) 100vw, 342px\" \/><\/figure><\/div>\n\n\n\n<p class=\"has-text-align-center\">Se voc\u00ea escreveu sua monografia, disserta\u00e7\u00e3o, tese, artigos ou demais trabalhos acad\u00eamicos e precisa de ajuda na corre\u00e7\u00e3o da escrita e formata\u00e7\u00e3o, nos envie o documento para receber um or\u00e7amento personalizado. Seu trabalho ser\u00e1 revisado e corrigido por profissionais experientes da \u00e1rea. O profissional respons\u00e1vel por seu trabalho estar\u00e1 dispon\u00edvel para esclarecer seus questionamentos, visando a excel\u00eancia do trabalho final.  <\/p>\n\n\n\n<div class=\"wp-block-buttons aligncenter is-layout-flex wp-block-buttons-is-layout-flex\">\n<div class=\"wp-block-button\"><a class=\"wp-block-button__link has-text-color has-very-light-gray-color has-background has-blush-bordeaux-gradient-background\" href=\"http:\/\/www.editorasynapse.org\/index.php\/orcamento-orientacao-trabalho\/\">Solicite um or\u00e7amento<\/a><\/div>\n<\/div>\n\n\n\n<h4 class=\"has-text-align-center wp-block-heading\"><strong>Guia e-book &#8220;Orienta\u00e7\u00e3o trabalhos acad\u00eamicos<\/strong>&#8220;<\/h4>\n\n\n\n<p>A <strong>Synapse <\/strong>disponibilizou para voc\u00ea um guia pr\u00e1tico para saber (<em>mesmo!<\/em>) o que fazer antes de iniciar a elabora\u00e7\u00e3o de seu texto para um Trabalho Acad\u00eamico de sucesso.<\/p>\n\n\n\n<div class=\"wp-block-image\"><figure class=\"aligncenter size-large is-resized\"><a href=\"http:\/\/www.editorasynapse.org\/wp-content\/uploads\/2020\/10\/E-book-Orienta\u00e7\u00e3o.pdf\" target=\"_blank\" rel=\"http:\/\/www.editorasynapse.org\/wp-content\/uploads\/2020\/10\/E-book-Orienta\u00e7\u00e3o.pdf noopener noreferrer\"><img decoding=\"async\" loading=\"lazy\" src=\"http:\/\/www.editorasynapse.org\/wp-content\/uploads\/2020\/07\/Post-E-book-Orienta\u00e7\u00e3o-1024x732.png\" alt=\"\" class=\"wp-image-608\" width=\"281\" height=\"199\"\/><\/a><\/figure><\/div>\n","protected":false},"excerpt":{"rendered":"<p>Se voc\u00ea escreveu sua monografia, disserta\u00e7\u00e3o, tese, artigos ou demais trabalhos acad\u00eamicos e precisa de ajuda na corre\u00e7\u00e3o da escrita e formata\u00e7\u00e3o, nos envie o documento para receber um or\u00e7amento personalizado. Seu trabalho ser\u00e1 revisado e corrigido por profissionais experientes da \u00e1rea. O profissional respons\u00e1vel por seu trabalho estar\u00e1 dispon\u00edvel para esclarecer seus questionamentos, visando<br \/><a class=\"btn btn-theme post-btn\" href=\"https:\/\/www.editorasynapse.org\/index.php\/orientacaotrabalhos\/\">Ler mais<\/a><\/p>\n","protected":false},"author":1,"featured_media":0,"parent":0,"menu_order":0,"comment_status":"closed","ping_status":"closed","template":"","meta":{"footnotes":""},"_links":{"self":[{"href":"https:\/\/www.editorasynapse.org\/index.php\/wp-json\/wp\/v2\/pages\/59"}],"collection":[{"href":"https:\/\/www.editorasynapse.org\/index.php\/wp-json\/wp\/v2\/pages"}],"about":[{"href":"https:\/\/www.editorasynapse.org\/index.php\/wp-json\/wp\/v2\/types\/page"}],"author":[{"embeddable":true,"href":"https:\/\/www.editorasynapse.org\/index.php\/wp-json\/wp\/v2\/users\/1"}],"replies":[{"embeddable":true,"href":"https:\/\/www.editorasynapse.org\/index.php\/wp-json\/wp\/v2\/comments?post=59"}],"version-history":[{"count":19,"href":"https:\/\/www.editorasynapse.org\/index.php\/wp-json\/wp\/v2\/pages\/59\/revisions"}],"predecessor-version":[{"id":775,"href":"https:\/\/www.editorasynapse.org\/index.php\/wp-json\/wp\/v2\/pages\/59\/revisions\/775"}],"wp:attachment":[{"href":"https:\/\/www.editorasynapse.org\/index.php\/wp-json\/wp\/v2\/media?parent=59"}],"curies":[{"name":"wp","href":"https:\/\/api.w.org\/{rel}","templated":true}]}}