{"id":58,"date":"2020-05-27T21:36:06","date_gmt":"2020-05-28T00:36:06","guid":{"rendered":"http:\/\/18.230.161.200\/?page_id=58"},"modified":"2020-11-19T15:23:55","modified_gmt":"2020-11-19T18:23:55","slug":"o-novo-umoma-abre-suas-portas-2","status":"publish","type":"page","link":"https:\/\/www.editorasynapse.org\/","title":{"rendered":"Sobre n\u00f3s"},"content":{"rendered":"\n<div class=\"wp-block-group alignwide\"><div class=\"wp-block-group__inner-container is-layout-flow wp-block-group-is-layout-flow\">\n<p class=\"has-text-align-center\">A  Synapse Editora tem como miss\u00e3o a ampla divulga\u00e7\u00e3o gratuita de conhecimentos cient\u00edficos focando na excel\u00eancia do conte\u00fado compartilhado. Todas as publica\u00e7\u00f5es possuem qualidade editorial e registro  ISBN, ISSN, DOI e\/ou ficha catalogr\u00e1fica. Os textos s\u00e3o associados \u00e0s principais plataformas de indexa\u00e7\u00e3o de conte\u00fado. Nosso <a rel=\"noreferrer noopener\" href=\"http:\/\/www.editorasynapse.org\/index.php\/livros\/conselho-editorial\/\" target=\"_blank\">Conselho Editorial<\/a> \u00e9 composto por doutores e mestres de diversas \u00e1reas.<\/p>\n<\/div><\/div>\n\n\n\n<div class=\"wp-block-group alignwide\"><div class=\"wp-block-group__inner-container is-layout-flow wp-block-group-is-layout-flow\">\n<h2 class=\"wp-block-heading\">Nossos servi\u00e7os<\/h2>\n<\/div><\/div>\n\n\n\n<figure class=\"wp-block-table is-style-stripes\"><table><tbody><tr><td>Servi\u00e7os<\/td><td>Especifica\u00e7\u00f5es<\/td><\/tr><tr><td>Cap\u00edtulos de livros<\/td><td>Cont\u00e9m DOI (para o livro e para cada cap\u00edtulo), ISBN e ficha catalogr\u00e1fica<br>Revisado e Editado por nossa equipe antes da publica\u00e7\u00e3o<\/td><\/tr><tr><td>Livro completo<\/td><td>Cont\u00e9m ISBN, DOI e ficha catalogr\u00e1fica<br>Revisado e Editado por nossa equipe antes da publica\u00e7\u00e3o<\/td><\/tr><tr><td>Cursos on-line<\/td><td>Emiss\u00e3o de certificados<br>Ofertados por professores e profissionais qualificados <\/td><\/tr><tr><td>Orienta\u00e7\u00e3o de trabalho cient\u00edfico<\/td><td>Conduzido por profissionais experientes no tema do trabalho<\/td><\/tr><tr><td>Publica\u00e7\u00e3o de anais de congresso<\/td><td>Emiss\u00e3o de DOI e ISSN<br>Anais dispon\u00edveis no nosso portal<\/td><\/tr><tr><td>Organiza\u00e7\u00e3o de eventos cient\u00edficos<\/td><td>Organiza\u00e7\u00e3o, planejamento e execu\u00e7\u00e3o do evento<br>Disponibilidade de plataformas para realiza\u00e7\u00e3o de eventos on-line<\/td><\/tr><\/tbody><\/table><\/figure>\n","protected":false},"excerpt":{"rendered":"<p>A Synapse Editora tem como miss\u00e3o a ampla divulga\u00e7\u00e3o gratuita de conhecimentos cient\u00edficos focando na excel\u00eancia do conte\u00fado compartilhado. Todas as publica\u00e7\u00f5es possuem qualidade editorial e registro ISBN, ISSN, DOI e\/ou ficha catalogr\u00e1fica. Os textos s\u00e3o associados \u00e0s principais plataformas de indexa\u00e7\u00e3o de conte\u00fado. Nosso Conselho Editorial \u00e9 composto por doutores e mestres de diversas<br \/><a class=\"btn btn-theme post-btn\" href=\"https:\/\/www.editorasynapse.org\/\">Ler mais<\/a><\/p>\n","protected":false},"author":1,"featured_media":57,"parent":0,"menu_order":0,"comment_status":"closed","ping_status":"closed","template":"","meta":{"footnotes":""},"_links":{"self":[{"href":"https:\/\/www.editorasynapse.org\/index.php\/wp-json\/wp\/v2\/pages\/58"}],"collection":[{"href":"https:\/\/www.editorasynapse.org\/index.php\/wp-json\/wp\/v2\/pages"}],"about":[{"href":"https:\/\/www.editorasynapse.org\/index.php\/wp-json\/wp\/v2\/types\/page"}],"author":[{"embeddable":true,"href":"https:\/\/www.editorasynapse.org\/index.php\/wp-json\/wp\/v2\/users\/1"}],"replies":[{"embeddable":true,"href":"https:\/\/www.editorasynapse.org\/index.php\/wp-json\/wp\/v2\/comments?post=58"}],"version-history":[{"count":24,"href":"https:\/\/www.editorasynapse.org\/index.php\/wp-json\/wp\/v2\/pages\/58\/revisions"}],"predecessor-version":[{"id":1366,"href":"https:\/\/www.editorasynapse.org\/index.php\/wp-json\/wp\/v2\/pages\/58\/revisions\/1366"}],"wp:featuredmedia":[{"embeddable":true,"href":"https:\/\/www.editorasynapse.org\/index.php\/wp-json\/wp\/v2\/media\/57"}],"wp:attachment":[{"href":"https:\/\/www.editorasynapse.org\/index.php\/wp-json\/wp\/v2\/media?parent=58"}],"curies":[{"name":"wp","href":"https:\/\/api.w.org\/{rel}","templated":true}]}}