{"id":331,"date":"2020-06-08T23:00:28","date_gmt":"2020-06-09T02:00:28","guid":{"rendered":"http:\/\/18.230.161.200\/?page_id=331"},"modified":"2023-04-27T16:30:33","modified_gmt":"2023-04-27T19:30:33","slug":"capitulo-de-livro","status":"publish","type":"page","link":"https:\/\/www.editorasynapse.org\/index.php\/capitulo-de-livro\/","title":{"rendered":"Cap\u00edtulo de Livro"},"content":{"rendered":"\n\n<div class=\"wpcf7 no-js\" id=\"wpcf7-f666-o1\" lang=\"pt-BR\" dir=\"ltr\">\n<div class=\"screen-reader-response\"><p role=\"status\" aria-live=\"polite\" aria-atomic=\"true\"><\/p> <ul><\/ul><\/div>\n<form action=\"\/index.php\/wp-json\/wp\/v2\/pages\/331#wpcf7-f666-o1\" method=\"post\" class=\"wpcf7-form init\" aria-label=\"Formul\u00e1rios de contato\" enctype=\"multipart\/form-data\" novalidate=\"novalidate\" data-status=\"init\">\n<div style=\"display: none;\">\n<input type=\"hidden\" name=\"_wpcf7\" value=\"666\" \/>\n<input type=\"hidden\" name=\"_wpcf7_version\" value=\"5.7.7\" \/>\n<input type=\"hidden\" name=\"_wpcf7_locale\" value=\"pt_BR\" \/>\n<input type=\"hidden\" name=\"_wpcf7_unit_tag\" value=\"wpcf7-f666-o1\" \/>\n<input type=\"hidden\" name=\"_wpcf7_container_post\" value=\"0\" \/>\n<input type=\"hidden\" name=\"_wpcf7_posted_data_hash\" value=\"\" \/>\n<input type=\"hidden\" name=\"_wpcf7_recaptcha_response\" value=\"\" \/>\n<\/div>\n<p><label>Para publica\u00e7\u00e3o do cap\u00edtulo de livro cobramos uma taxa para as despesas necess\u00e1rias. No entanto, n\u00e3o cobramos o acesso ao livro publicado. Assim, seu livro ser\u00e1 amplamente visualizado de forma gratuita.<br \/>\nPara fazer parte do acervo da Synapse Editora voc\u00ea deve enviar seu arquivo e preencher seus dados para contato. Antes de enviar seu arquivo verifique se est\u00e1 de acordo com todos os requisitos abaixo:<br \/>\n*Formato DOC<br \/>\n*Refer\u00eancias nas normas ABNT<br \/>\n*Presen\u00e7a de resumo<br \/>\nO processo de submiss\u00e3o segue as etapas seguintes:<br \/>\n*An\u00e1lise por nossos revisores<br \/>\n*Pagamento<br \/>\n*Editora\u00e7\u00e3o<br \/>\n*Registro e Publica\u00e7\u00e3o<br \/>\nVoc\u00ea ir\u00e1 receber seu e-book em PDF e caso deseje, em c\u00f3pias impressas. Para as c\u00f3pias impressas, ser\u00e1 adicionado \u00e0 taxa de publica\u00e7\u00e3o os custos de impress\u00e3o e encaderna\u00e7\u00e3o (a ser consultado conforme tabela de mercado e quantidade de c\u00f3pias desejadas).<br \/>\n<label> Seu nome<br \/>\n<span class=\"wpcf7-form-control-wrap\" data-name=\"your-name\"><input size=\"40\" class=\"wpcf7-form-control wpcf7-text wpcf7-validates-as-required\" aria-required=\"true\" aria-invalid=\"false\" value=\"\" type=\"text\" name=\"your-name\" \/><\/span> <\/label><br \/>\n<label> Seu e-mail<br \/>\n<span class=\"wpcf7-form-control-wrap\" data-name=\"your-email\"><input size=\"40\" class=\"wpcf7-form-control wpcf7-text wpcf7-email wpcf7-validates-as-required wpcf7-validates-as-email\" aria-required=\"true\" aria-invalid=\"false\" value=\"\" type=\"email\" name=\"your-email\" \/><\/span> <\/label><br \/>\n<label> Seu telefone<br \/>\n<span class=\"wpcf7-form-control-wrap\" data-name=\"tel-584\"><input size=\"40\" class=\"wpcf7-form-control wpcf7-text wpcf7-tel wpcf7-validates-as-required wpcf7-validates-as-tel\" aria-required=\"true\" aria-invalid=\"false\" value=\"\" type=\"tel\" name=\"tel-584\" \/><\/span><\/label><br \/>\n<label> Assunto: Ci\u00eancias humanas e sociais: pesquisas atuais - vol. 2<br \/>\n<label> Sua mensagem<br \/>\n<span class=\"wpcf7-form-control-wrap\" data-name=\"your-message\"><textarea cols=\"40\" rows=\"10\" class=\"wpcf7-form-control wpcf7-textarea\" aria-invalid=\"false\" name=\"your-message\"><\/textarea><\/span> <\/label><br \/>\n<span class=\"wpcf7-form-control-wrap\" data-name=\"file-499\"><input size=\"40\" class=\"wpcf7-form-control wpcf7-file\" accept=\".image,.txt,.doc,.docx,.pdf\" aria-invalid=\"false\" type=\"file\" name=\"file-499\" \/><\/span><br \/>\n<\/label><\/label>\n<\/p>\n<div class=\"wp-block-file\">\n\t<p>Ao enviar o arquivo voc\u00ea se compromete pela titularidade da obra e aceita os termos da Synapse Editora. <a class=\"wp-block-file__link\" href=\"http:\/\/www.editorasynapse.org\/wp-content\/uploads\/2020\/06\/Termos-e-condi\u00e7\u00f5es-para-publica\u00e7\u00e3o-Synapse-Editora-2.pdf\" target=\"_blank\" rel=\"noreferrer noopener\">Acesse os \"Termos e Condi\u00e7\u00f5es\".<\/a>\n\t<\/p>\n<\/div>\n<p><span class=\"wpcf7-form-control-wrap\" data-name=\"acceptance-481\"><span class=\"wpcf7-form-control wpcf7-acceptance optional\"><span class=\"wpcf7-list-item\"><label><input type=\"checkbox\" name=\"acceptance-481\" value=\"1\" aria-invalid=\"false\" \/><span class=\"wpcf7-list-item-label\">Aceito<\/span><\/label><\/span><\/span><\/span>\n<\/p>\n<p><input class=\"wpcf7-form-control has-spinner wpcf7-submit\" type=\"submit\" value=\"Enviar\" \/>\n<\/p><div class=\"wpcf7-response-output\" aria-hidden=\"true\"><\/div>\n<\/form>\n<\/div>\n\n","protected":false},"excerpt":{"rendered":"","protected":false},"author":1,"featured_media":0,"parent":0,"menu_order":0,"comment_status":"closed","ping_status":"closed","template":"","meta":{"footnotes":""},"_links":{"self":[{"href":"https:\/\/www.editorasynapse.org\/index.php\/wp-json\/wp\/v2\/pages\/331"}],"collection":[{"href":"https:\/\/www.editorasynapse.org\/index.php\/wp-json\/wp\/v2\/pages"}],"about":[{"href":"https:\/\/www.editorasynapse.org\/index.php\/wp-json\/wp\/v2\/types\/page"}],"author":[{"embeddable":true,"href":"https:\/\/www.editorasynapse.org\/index.php\/wp-json\/wp\/v2\/users\/1"}],"replies":[{"embeddable":true,"href":"https:\/\/www.editorasynapse.org\/index.php\/wp-json\/wp\/v2\/comments?post=331"}],"version-history":[{"count":3,"href":"https:\/\/www.editorasynapse.org\/index.php\/wp-json\/wp\/v2\/pages\/331\/revisions"}],"predecessor-version":[{"id":1247,"href":"https:\/\/www.editorasynapse.org\/index.php\/wp-json\/wp\/v2\/pages\/331\/revisions\/1247"}],"wp:attachment":[{"href":"https:\/\/www.editorasynapse.org\/index.php\/wp-json\/wp\/v2\/media?parent=331"}],"curies":[{"name":"wp","href":"https:\/\/api.w.org\/{rel}","templated":true}]}}