{"id":149,"date":"2020-05-28T23:22:02","date_gmt":"2020-05-29T02:22:02","guid":{"rendered":"http:\/\/18.230.161.200\/?page_id=149"},"modified":"2020-06-15T19:06:19","modified_gmt":"2020-06-15T22:06:19","slug":"cadastro","status":"publish","type":"page","link":"https:\/\/www.editorasynapse.org\/index.php\/cadastro\/","title":{"rendered":"Cadastro"},"content":{"rendered":"\n<p>N\u00e3o sei como fazer essa parte. Cada um precisar\u00e1 ser direcionado ao seu cadastro no sistema e ent\u00e3o gerar seu login e senha.<\/p>\n\n\n\n<p><span class=\"has-inline-color has-vivid-red-color\">Essa parte o Jean \u00e9 que vai fazer para relacionar ao banco e quando o usu\u00e1rio logar ele a p\u00e1gina pessoal ser\u00e1 carregada em outra guia do navegador.<\/span><\/p>\n\n\n\n<p>Nesse sistema ter\u00e1 as op\u00e7\u00f5es de cursos, submiss\u00e3o de livro, inscri\u00e7\u00e3o em congresso. <\/p>\n\n\n\n<p><strong><span class=\"has-inline-color has-very-dark-gray-color\">Preencha seu Cadastro<\/span><\/strong><\/p>\n\n\n\n<p><!--[contact-form-7 id=\"384\" title=\"Formul\u00e1rio de Cadastro\"] -->\n<div id=\"erf_form_container_424\" class=\"erf-container erf-label-top erf-layout-one-column erf-style-rounded-corner  \">\n        <div class=\"erf-reg-form-container\" style=\"\">\n            \n        \n             \n                            <div class=\"erf-content-above\">\n                    Efetue o cadastro preenchendo o seguinte formul\u00e1rio:                <\/div>\n                <form method=\"post\" enctype=\"multipart\/form-data\" class=\"erf-form erf-front-form\" data-parsley-validate=\"\" novalidate=\"true\" autocomplete=\"off\" data-erf-submission-id=\"0\" data-erf-form-id=\"424\">\n                    <div class=\"erf-form-html\" id=\"erf_form_424\">\n                        <div class=\"rendered-form\">\n                        <div class=\"erf-text form-group field-text-SJCjKV erf-element-width-12\"><label for=\"text-SJCjKV\" class=\"erf-text-label\">Seu Nome:<span class=\"erf-required\">*<\/span><span class=\"tooltip-element\" tooltip=\"Insira aqui o seu nome\"><i class=\"fa fa-info\" aria-hidden=\"true\"><\/i><\/span><\/label><input type='text' class='form-control' name='text-SJCjKV' placeholder='nome' required='required' id='text-SJCjKV'  \/><\/div><div class=\"erf-text form-group field-text-9U5Aqa erf-element-width-12\"><label for=\"text-9U5Aqa\" class=\"erf-text-label\">Seu Sobrenome:<span class=\"tooltip-element\" tooltip=\"Insira aqui os seus sobrenomes\"><i class=\"fa fa-info\" aria-hidden=\"true\"><\/i><\/span><\/label><input type='text' class='form-control' name='text-9U5Aqa' placeholder='sobrenome' id='text-9U5Aqa'  \/><\/div><div class=\"erf-email form-group field-text-9V666n erf-element-width-12\"><label for=\"text-9V666n\" class=\"erf-email-label\">Seu e-mail<span class=\"erf-required\">*<\/span><span class=\"tooltip-element\" tooltip=\"Insira aqui seu e-mail\"><i class=\"fa fa-info\" aria-hidden=\"true\"><\/i><\/span><\/label><input type='email' required='1' class='form-control' name='text-9V666n' placeholder='email' pattern='[a-z0-9._%+-]+@[a-z0-9.-]+\\.[a-z]{2,}$' id='text-9V666n'  \/><\/div><div class=\"erf-password form-group field-text-3L27FA erf-element-width-12\"><label for=\"text-3L27FA\" class=\"erf-password-label\">Sua senha:<span class=\"erf-required\">*<\/span><span class=\"tooltip-element\" tooltip=\"Insira aqui sua senha\"><i class=\"fa fa-info\" aria-hidden=\"true\"><\/i><\/span><\/label><input type='password' required='1' placeholder='Insira denovo a sua senha' class='form-control' name='text-3L27FA' id='text-3L27FA'  \/><\/div><div class=\"erf-password form-group field-text-DPMpwk35OE erf-element-width-12\"><label for=\"text-DPMpwk35OE\" class=\"erf-password-label\">Confirrma\u00e7\u00e3o de senha:<span class=\"erf-required\">*<\/span><span class=\"tooltip-element\" tooltip=\"Insira aqui sua senha\"><i class=\"fa fa-info\" aria-hidden=\"true\"><\/i><\/span><\/label><input type='password' required='1' placeholder='Confirrma\u00e7\u00e3o de senha:' class='form-control' name='text-DPMpwk35OE' data-parsley-confirm-password='text-3L27FA' id='text-DPMpwk35OE'  \/><\/div><div class=\"erf-number form-group field-field-Jsx4MXmC7S2xKol erf-element-width-12\"><label for=\"field-Jsx4MXmC7S2xKol\" class=\"erf-number-label\">CPF:<span class=\"erf-required\">*<\/span><\/label><input type='number' class='form-control' name='field-Jsx4MXmC7S2xKol' required='required' id='field-Jsx4MXmC7S2xKol'  \/><\/div><div class=\"erf-tel form-group field-field-Ep1EudQ6DJR7i6m erf-element-width-12\"><label for=\"field-Ep1EudQ6DJR7i6m\" class=\"erf-tel-label\">Telefone<\/label><input type='tel' class='form-control' name='field-Ep1EudQ6DJR7i6m' enable-intl='1' id='field-Ep1EudQ6DJR7i6m'  \/><\/div><div class=\"erf-text form-group field-field-uLAwOIszOZ6Md76 erf-element-width-12\"><label for=\"field-uLAwOIszOZ6Md76\" class=\"erf-text-label\">Endere\u00e7o<\/label><input type='text' class='form-control' name='field-uLAwOIszOZ6Md76' id='field-uLAwOIszOZ6Md76'  \/><\/div><div class=\"erf-button form-group field-button-77eAfT erf-element-width-12\"><button type='submit'class='btn btn-success'name='button-77eAfT'id='button-77eAfT'>Registrar<\/button><\/div>                        <\/div>    \n                    <\/div>   \n\n                    <div class=\"erf-external-form-elements\">\n                        \n                        \n\n                        \n                        \n                                                <div class=\"erf-errors\" style=\"display:none\">\n                            <span class=\"erf-errors-head erf-error-row\">Error occured. Please confirm your data and submit again:<\/span>\n                            <div class=\"erf-errors-body\">\n                                                            <\/div> \n                        <\/div>    \n                    <\/div>\n\n                    <!-- Contains multipage Next,Previous buttons -->\n                    <div class=\"erf-form-nav clearfix\"><\/div>  \n\n                    <!-- Single page form button -->\n                    <div class=\"erf-submit-button clearfix\"><\/div>\n\n                    <input type=\"hidden\" name=\"erform_id\" value=\"424\" \/>\n                    <input type=\"hidden\" name=\"erform_submission_nonce\" value=\"bdb46c6edf\" \/>\n                    <input type=\"hidden\" name=\"action\" value=\"erf_submit_form\" \/>\n                    <input type=\"hidden\" name=\"redirect_to\" id=\"erform_redirect_to\" \/>\n\n                    \n                    \n\n                <\/form>\n                        <\/div>\n\n    \n<\/div><\/p>\n","protected":false},"excerpt":{"rendered":"<p>N\u00e3o sei como fazer essa parte. Cada um precisar\u00e1 ser direcionado ao seu cadastro no sistema e ent\u00e3o gerar seu login e senha. Essa parte o Jean \u00e9 que vai fazer para relacionar ao banco e quando o usu\u00e1rio logar ele a p\u00e1gina pessoal ser\u00e1 carregada em outra guia do navegador. Nesse sistema ter\u00e1 as<br \/><a class=\"btn btn-theme post-btn\" href=\"https:\/\/www.editorasynapse.org\/index.php\/cadastro\/\">Ler mais<\/a><\/p>\n","protected":false},"author":1,"featured_media":0,"parent":0,"menu_order":0,"comment_status":"closed","ping_status":"closed","template":"","meta":{"footnotes":""},"_links":{"self":[{"href":"https:\/\/www.editorasynapse.org\/index.php\/wp-json\/wp\/v2\/pages\/149"}],"collection":[{"href":"https:\/\/www.editorasynapse.org\/index.php\/wp-json\/wp\/v2\/pages"}],"about":[{"href":"https:\/\/www.editorasynapse.org\/index.php\/wp-json\/wp\/v2\/types\/page"}],"author":[{"embeddable":true,"href":"https:\/\/www.editorasynapse.org\/index.php\/wp-json\/wp\/v2\/users\/1"}],"replies":[{"embeddable":true,"href":"https:\/\/www.editorasynapse.org\/index.php\/wp-json\/wp\/v2\/comments?post=149"}],"version-history":[{"count":9,"href":"https:\/\/www.editorasynapse.org\/index.php\/wp-json\/wp\/v2\/pages\/149\/revisions"}],"predecessor-version":[{"id":1286,"href":"https:\/\/www.editorasynapse.org\/index.php\/wp-json\/wp\/v2\/pages\/149\/revisions\/1286"}],"wp:attachment":[{"href":"https:\/\/www.editorasynapse.org\/index.php\/wp-json\/wp\/v2\/media?parent=149"}],"curies":[{"name":"wp","href":"https:\/\/api.w.org\/{rel}","templated":true}]}}