{"id":146,"date":"2020-05-28T23:18:12","date_gmt":"2020-05-29T02:18:12","guid":{"rendered":"http:\/\/18.230.161.200\/?page_id=146"},"modified":"2025-08-15T17:40:29","modified_gmt":"2025-08-15T20:40:29","slug":"congressos","status":"publish","type":"page","link":"https:\/\/www.editorasynapse.org\/index.php\/congressos\/","title":{"rendered":"Anais de Congressos"},"content":{"rendered":"\n<figure class=\"wp-block-image size-large is-resized\"><img decoding=\"async\" loading=\"lazy\" width=\"813\" height=\"1024\" src=\"https:\/\/www.editorasynapse.org\/wp-content\/uploads\/2025\/01\/WhatsApp-Image-2025-01-24-at-12.02.23-813x1024.jpeg\" alt=\"\" class=\"wp-image-1435\" style=\"aspect-ratio:0.7909371781668383;width:525px;height:auto\" srcset=\"https:\/\/www.editorasynapse.org\/wp-content\/uploads\/2025\/01\/WhatsApp-Image-2025-01-24-at-12.02.23-813x1024.jpeg 813w, https:\/\/www.editorasynapse.org\/wp-content\/uploads\/2025\/01\/WhatsApp-Image-2025-01-24-at-12.02.23-476x600.jpeg 476w, https:\/\/www.editorasynapse.org\/wp-content\/uploads\/2025\/01\/WhatsApp-Image-2025-01-24-at-12.02.23-768x967.jpeg 768w, https:\/\/www.editorasynapse.org\/wp-content\/uploads\/2025\/01\/WhatsApp-Image-2025-01-24-at-12.02.23.jpeg 1187w\" sizes=\"(max-width: 813px) 100vw, 813px\" \/><figcaption class=\"wp-element-caption\"><a href=\"https:\/\/www.editorasynapse.org\/wp-content\/uploads\/2025\/01\/Livro-Extremos-Climaticos.pdf\" target=\"_blank\" rel=\"noreferrer noopener\">EBOOK DO 21\u00ba CONGRESSO NACIONAL DE MEIO AMBIENTE &#8211; EXTREMOS CLIM\u00c1TICOS IMPACTOS ATUAIS E RISCOS FUTUROS &#8211; <\/a><a rel=\"noreferrer noopener\" href=\"http:\/\/www.editorasynapse.org\/wp-content\/uploads\/2025\/01\/Livro-Saude-Educacao-e-Meio-Ambiente.pdf\" target=\"_blank\">PO\u00c7OS DE CALDAS 2024<\/a><\/figcaption><\/figure>\n\n\n\n<figure class=\"wp-block-image size-large is-resized\"><img decoding=\"async\" loading=\"lazy\" width=\"813\" height=\"1024\" src=\"https:\/\/www.editorasynapse.org\/wp-content\/uploads\/2025\/01\/WhatsApp-Image-2025-01-24-at-12.02.23-1-813x1024.jpeg\" alt=\"\" class=\"wp-image-1433\" style=\"aspect-ratio:0.7909371781668383;width:525px;height:auto\" srcset=\"https:\/\/www.editorasynapse.org\/wp-content\/uploads\/2025\/01\/WhatsApp-Image-2025-01-24-at-12.02.23-1-813x1024.jpeg 813w, https:\/\/www.editorasynapse.org\/wp-content\/uploads\/2025\/01\/WhatsApp-Image-2025-01-24-at-12.02.23-1-476x600.jpeg 476w, https:\/\/www.editorasynapse.org\/wp-content\/uploads\/2025\/01\/WhatsApp-Image-2025-01-24-at-12.02.23-1-768x967.jpeg 768w, https:\/\/www.editorasynapse.org\/wp-content\/uploads\/2025\/01\/WhatsApp-Image-2025-01-24-at-12.02.23-1.jpeg 1187w\" sizes=\"(max-width: 813px) 100vw, 813px\" \/><figcaption class=\"wp-element-caption\"><a href=\"https:\/\/www.editorasynapse.org\/wp-content\/uploads\/2025\/01\/Livro-Gestao-Ambiental.pdf\" target=\"_blank\" rel=\"noreferrer noopener\">EBOOK DO 21\u00ba CONGRESSO NACIONAL DE MEIO AMBIENTE &#8211; GEST\u00c3O AMBIENTAL &#8211; <\/a><a rel=\"noreferrer noopener\" href=\"http:\/\/www.editorasynapse.org\/wp-content\/uploads\/2025\/01\/Livro-Saude-Educacao-e-Meio-Ambiente.pdf\" target=\"_blank\">PO\u00c7OS DE CALDAS 2024<\/a><\/figcaption><\/figure>\n\n\n\n<figure class=\"wp-block-image size-large is-resized\"><img decoding=\"async\" loading=\"lazy\" width=\"813\" height=\"1024\" src=\"https:\/\/www.editorasynapse.org\/wp-content\/uploads\/2025\/01\/WhatsApp-Image-2025-01-24-at-12.02.23-2-813x1024.jpeg\" alt=\"\" class=\"wp-image-1430\" style=\"aspect-ratio:0.7909371781668383;width:525px;height:auto\" srcset=\"https:\/\/www.editorasynapse.org\/wp-content\/uploads\/2025\/01\/WhatsApp-Image-2025-01-24-at-12.02.23-2-813x1024.jpeg 813w, https:\/\/www.editorasynapse.org\/wp-content\/uploads\/2025\/01\/WhatsApp-Image-2025-01-24-at-12.02.23-2-476x600.jpeg 476w, https:\/\/www.editorasynapse.org\/wp-content\/uploads\/2025\/01\/WhatsApp-Image-2025-01-24-at-12.02.23-2-768x967.jpeg 768w, https:\/\/www.editorasynapse.org\/wp-content\/uploads\/2025\/01\/WhatsApp-Image-2025-01-24-at-12.02.23-2.jpeg 1187w\" sizes=\"(max-width: 813px) 100vw, 813px\" \/><figcaption class=\"wp-element-caption\"><a href=\"http:\/\/www.editorasynapse.org\/wp-content\/uploads\/2025\/08\/Livro-Saude-Educacao-e-Meio-Ambiente-1.pdf\" target=\"_blank\" rel=\"noreferrer noopener\">EBOOK DO 21\u00ba CONGRESSO NACIONAL DE MEIO AMBIENTE &#8211; SA\u00daDE, EDUCA\u00c7\u00c3O E MEIO AMBIENTE &#8211; PO\u00c7OS DE CALDAS 2024<\/a><\/figcaption><\/figure>\n\n\n\n<figure class=\"wp-block-image size-full is-resized\"><img decoding=\"async\" loading=\"lazy\" width=\"768\" height=\"971\" src=\"https:\/\/www.editorasynapse.org\/wp-content\/uploads\/2024\/12\/WhatsApp-Image-2024-12-06-at-10.37.27.jpeg\" alt=\"\" class=\"wp-image-1407\" style=\"aspect-ratio:0.7909371781668383;width:525px;height:auto\" srcset=\"https:\/\/www.editorasynapse.org\/wp-content\/uploads\/2024\/12\/WhatsApp-Image-2024-12-06-at-10.37.27.jpeg 768w, https:\/\/www.editorasynapse.org\/wp-content\/uploads\/2024\/12\/WhatsApp-Image-2024-12-06-at-10.37.27-475x600.jpeg 475w\" sizes=\"(max-width: 768px) 100vw, 768px\" \/><figcaption class=\"wp-element-caption\"><a href=\"http:\/\/www.editorasynapse.org\/wp-content\/uploads\/2024\/12\/Anais-Workshop-Inovacao-Web.pdf\" target=\"_blank\" rel=\"noreferrer noopener\">Anais workshop: Inova\u00e7\u00e3o e APLs no Sul de Minas Gerais &#8211; V.1, n.1, 2024<\/a><\/figcaption><\/figure>\n\n\n\n<p>Participar de congressos \u00e9 a melhor forma de sempre se manter atualizado das novidades da sua \u00e1rea. Fique atento \u00e0s oportunidades!!<\/p>\n\n\n\n<p>Para realizar seu congresso ou evento on-line com a Synapse ou para publicar os anais, <a href=\"http:\/\/www.editorasynapse.org\/index.php\/congresso\/\"><strong><span class=\"has-inline-color has-vivid-green-cyan-color\">entre<\/span><\/strong><\/a> em contato conosco. A Synapse conta com todo um suporte para eventos dos mais simples aos mais complexos. <\/p>\n\n\n<div class=\"wp-block-image\">\n<figure class=\"aligncenter size-large is-resized\"><a href=\"http:\/\/www.editorasynapse.org\/index.php\/congresso\/\"><img decoding=\"async\" loading=\"lazy\" width=\"1024\" height=\"793\" src=\"http:\/\/www.editorasynapse.org\/wp-content\/uploads\/2020\/07\/Evento-online-2-1024x793.jpg\" alt=\"\" class=\"wp-image-603\" style=\"width:435px;height:336px\" srcset=\"https:\/\/www.editorasynapse.org\/wp-content\/uploads\/2020\/07\/Evento-online-2-1024x793.jpg 1024w, https:\/\/www.editorasynapse.org\/wp-content\/uploads\/2020\/07\/Evento-online-2-600x465.jpg 600w, https:\/\/www.editorasynapse.org\/wp-content\/uploads\/2020\/07\/Evento-online-2-768x595.jpg 768w, https:\/\/www.editorasynapse.org\/wp-content\/uploads\/2020\/07\/Evento-online-2-1536x1189.jpg 1536w, https:\/\/www.editorasynapse.org\/wp-content\/uploads\/2020\/07\/Evento-online-2.jpg 1564w\" sizes=\"(max-width: 1024px) 100vw, 1024px\" \/><\/a><\/figure><\/div>\n\n\n<p><\/p>\n","protected":false},"excerpt":{"rendered":"<p>Participar de congressos \u00e9 a melhor forma de sempre se manter atualizado das novidades da sua \u00e1rea. Fique atento \u00e0s oportunidades!! Para realizar seu congresso ou evento on-line com a Synapse ou para publicar os anais, entre em contato conosco. A Synapse conta com todo um suporte para eventos dos mais simples aos mais complexos.<\/p>\n","protected":false},"author":1,"featured_media":0,"parent":0,"menu_order":0,"comment_status":"closed","ping_status":"closed","template":"","meta":{"footnotes":""},"_links":{"self":[{"href":"https:\/\/www.editorasynapse.org\/index.php\/wp-json\/wp\/v2\/pages\/146"}],"collection":[{"href":"https:\/\/www.editorasynapse.org\/index.php\/wp-json\/wp\/v2\/pages"}],"about":[{"href":"https:\/\/www.editorasynapse.org\/index.php\/wp-json\/wp\/v2\/types\/page"}],"author":[{"embeddable":true,"href":"https:\/\/www.editorasynapse.org\/index.php\/wp-json\/wp\/v2\/users\/1"}],"replies":[{"embeddable":true,"href":"https:\/\/www.editorasynapse.org\/index.php\/wp-json\/wp\/v2\/comments?post=146"}],"version-history":[{"count":34,"href":"https:\/\/www.editorasynapse.org\/index.php\/wp-json\/wp\/v2\/pages\/146\/revisions"}],"predecessor-version":[{"id":1449,"href":"https:\/\/www.editorasynapse.org\/index.php\/wp-json\/wp\/v2\/pages\/146\/revisions\/1449"}],"wp:attachment":[{"href":"https:\/\/www.editorasynapse.org\/index.php\/wp-json\/wp\/v2\/media?parent=146"}],"curies":[{"name":"wp","href":"https:\/\/api.w.org\/{rel}","templated":true}]}}