{"id":101,"date":"2020-05-27T22:06:25","date_gmt":"2020-05-28T01:06:25","guid":{"rendered":"http:\/\/18.230.161.200\/?page_id=101"},"modified":"2024-03-06T15:57:37","modified_gmt":"2024-03-06T18:57:37","slug":"livros","status":"publish","type":"page","link":"https:\/\/www.editorasynapse.org\/index.php\/livros\/","title":{"rendered":"Submiss\u00f5es"},"content":{"rendered":"\n<h2 class=\"wp-block-heading has-text-align-center\">Submiss\u00e3o <\/h2>\n\n\n\n<p class=\"has-text-align-center\">Escreveu um livro e gostaria que o mesmo seja amplamente acessado?<br>Chegou a oportunidade de transformar o seu projeto em realidade.<br><\/p>\n\n\n\n<p class=\"has-text-align-center\">Em breve, o seu livro pode compor o acervo da nossa biblioteca digital! A distribui\u00e7\u00e3o das publica\u00e7\u00f5es ocorre em nosso Portal e nas plataformas Google Scholar, Academia, DocSity, ResearchGate e Amazon.<br><\/p>\n\n\n\n<p class=\"has-text-align-center\">Nosso acervo \u00e9 composto por materiais liter\u00e1rios, t\u00e9cnicos, teses, disserta\u00e7\u00f5es, monografias, artigos e muito mais. N\u00f3s seremos respons\u00e1veis por analisar o material, revisar, editar e divulg\u00e1-lo.<br>Retire esse projeto do papel, venha para a Synapse Editora!<\/p>\n\n\n\n<p><\/p>\n\n\n\n<div class=\"wp-block-buttons is-content-justification-center is-layout-flex wp-container-1 wp-block-buttons-is-layout-flex\">\n<div class=\"wp-block-button\"><a class=\"wp-block-button__link has-blush-bordeaux-gradient-background has-background wp-element-button\" href=\"https:\/\/www.editorasynapse.org\/index.php\/submissao-livro\/\">Submeta seu Livro<\/a><\/div>\n<\/div>\n\n\n\n<p><\/p>\n\n\n\n<p class=\"has-text-align-center\">Voc\u00ea tem um trabalho cient\u00edfico, mas as p\u00e1ginas s\u00e3o insuficientes para publicar um livro?  <\/p>\n\n\n\n<p class=\"has-text-align-center\">Venha public\u00e1-lo como cap\u00edtulo de livro. A Synapse Editora lan\u00e7a livros frequentemente. Atualmente, aceitamos cap\u00edtulos para compor os livros abaixo. Se seu trabalho se encaixa no tema, envie-o para avaliarmos.<\/p>\n\n\n\n<div class=\"wp-block-group is-layout-flow wp-block-group-is-layout-flow\"><div class=\"wp-block-group__inner-container\">\n<div class=\"wp-block-group is-layout-flow wp-block-group-is-layout-flow\"><div class=\"wp-block-group__inner-container\">\n<figure class=\"wp-block-gallery has-nested-images columns-default is-cropped wp-block-gallery-2 is-layout-flex wp-block-gallery-is-layout-flex\">\n<figure class=\"wp-block-image size-large\"><img decoding=\"async\" loading=\"lazy\" width=\"980\" height=\"1024\" src=\"https:\/\/www.editorasynapse.org\/wp-content\/uploads\/2024\/03\/WhatsApp-Image-2024-03-06-at-10.56.02-980x1024.jpeg\" alt=\"\" class=\"wp-image-1349\" srcset=\"https:\/\/www.editorasynapse.org\/wp-content\/uploads\/2024\/03\/WhatsApp-Image-2024-03-06-at-10.56.02-980x1024.jpeg 980w, https:\/\/www.editorasynapse.org\/wp-content\/uploads\/2024\/03\/WhatsApp-Image-2024-03-06-at-10.56.02-574x600.jpeg 574w, https:\/\/www.editorasynapse.org\/wp-content\/uploads\/2024\/03\/WhatsApp-Image-2024-03-06-at-10.56.02-768x803.jpeg 768w, https:\/\/www.editorasynapse.org\/wp-content\/uploads\/2024\/03\/WhatsApp-Image-2024-03-06-at-10.56.02.jpeg 1021w\" sizes=\"(max-width: 980px) 100vw, 980px\" \/><figcaption class=\"wp-element-caption\">Ci\u00eancias Agr\u00e1rias: Inova\u00e7\u00f5es e impactos na sociedade &#8211; vol. 3<br><mark style=\"background-color:rgba(0, 0, 0, 0);color:#fcfcfc\" class=\"has-inline-color\"><strong><a rel=\"noreferrer noopener\" href=\"https:\/\/www.editorasynapse.org\/index.php\/capitulo-de-livro-3\/\" target=\"_blank\">Envie seu cap\u00edtulo<\/a><\/strong><\/mark><\/figcaption><\/figure>\n\n\n\n<figure class=\"wp-block-image size-large\"><img decoding=\"async\" loading=\"lazy\" width=\"979\" height=\"1024\" src=\"https:\/\/www.editorasynapse.org\/wp-content\/uploads\/2024\/03\/WhatsApp-Image-2024-03-06-at-12.11.16-979x1024.jpeg\" alt=\"\" class=\"wp-image-1348\" srcset=\"https:\/\/www.editorasynapse.org\/wp-content\/uploads\/2024\/03\/WhatsApp-Image-2024-03-06-at-12.11.16-979x1024.jpeg 979w, https:\/\/www.editorasynapse.org\/wp-content\/uploads\/2024\/03\/WhatsApp-Image-2024-03-06-at-12.11.16-574x600.jpeg 574w, https:\/\/www.editorasynapse.org\/wp-content\/uploads\/2024\/03\/WhatsApp-Image-2024-03-06-at-12.11.16-768x803.jpeg 768w, https:\/\/www.editorasynapse.org\/wp-content\/uploads\/2024\/03\/WhatsApp-Image-2024-03-06-at-12.11.16-1469x1536.jpeg 1469w, https:\/\/www.editorasynapse.org\/wp-content\/uploads\/2024\/03\/WhatsApp-Image-2024-03-06-at-12.11.16.jpeg 1530w\" sizes=\"(max-width: 979px) 100vw, 979px\" \/><figcaption class=\"wp-element-caption\">Meio Ambiente: desafios e solu\u00e7\u00f5es inovadoras para a sustentabilidade &#8211; vol. 2 <br><a rel=\"noreferrer noopener\" href=\"https:\/\/www.editorasynapse.org\/index.php\/capitulo-de-livro4\/\" data-type=\"URL\" data-id=\"https:\/\/www.editorasynapse.org\/index.php\/capitulo-de-livro4\/?preview_id=660&amp;preview_nonce=e8ca665173&amp;preview=true\" target=\"_blank\"><mark style=\"background-color:rgba(0, 0, 0, 0)\" class=\"has-inline-color has-very-light-gray-color\"><strong>Envie seu cap\u00edtulo<\/strong><\/mark><\/a><\/figcaption><\/figure>\n<\/figure>\n\n\n\n<figure class=\"wp-block-gallery has-nested-images columns-default is-cropped wp-block-gallery-4 is-layout-flex wp-block-gallery-is-layout-flex\">\n<figure class=\"wp-block-image\"><img decoding=\"async\" loading=\"lazy\" width=\"442\" height=\"485\" src=\"https:\/\/www.editorasynapse.org\/wp-content\/uploads\/2021\/10\/Medicina1-1.png\" alt=\"\" class=\"wp-image-1084\"\/><figcaption class=\"wp-element-caption\"><mark style=\"background-color:rgba(0, 0, 0, 0)\" class=\"has-inline-color has-very-light-gray-color\">Medicina Integral: desafios enfrentados no ambiente hospitalar &#8211; vol. 2<br><\/mark><a rel=\"noreferrer noopener\" href=\"https:\/\/www.editorasynapse.org\/index.php\/capitulo-de-livro-6\/\" target=\"_blank\"><strong><mark style=\"background-color:rgba(0, 0, 0, 0);color:#fbf8f8\" class=\"has-inline-color\">Envie seu cap\u00edtulo<\/mark><\/strong><\/a><\/figcaption><\/figure>\n\n\n\n<figure class=\"wp-block-image size-full\"><img decoding=\"async\" loading=\"lazy\" width=\"895\" height=\"973\" src=\"http:\/\/www.editorasynapse.org\/wp-content\/uploads\/2021\/05\/4989e060-2262-4a4e-a4bb-f2da03d0371f.jpg\" alt=\"\" class=\"wp-image-976\" srcset=\"https:\/\/www.editorasynapse.org\/wp-content\/uploads\/2021\/05\/4989e060-2262-4a4e-a4bb-f2da03d0371f.jpg 895w, https:\/\/www.editorasynapse.org\/wp-content\/uploads\/2021\/05\/4989e060-2262-4a4e-a4bb-f2da03d0371f-552x600.jpg 552w, https:\/\/www.editorasynapse.org\/wp-content\/uploads\/2021\/05\/4989e060-2262-4a4e-a4bb-f2da03d0371f-768x835.jpg 768w\" sizes=\"(max-width: 895px) 100vw, 895px\" \/><figcaption class=\"wp-element-caption\">Ci\u00eancias Humanas e sociais: pesquisas atuais &#8211; vol. 2<br><a rel=\"noreferrer noopener\" href=\"https:\/\/www.editorasynapse.org\/index.php\/capitulo-de-livro\/\" target=\"_blank\"><mark style=\"background-color:rgba(0, 0, 0, 0)\" class=\"has-inline-color has-very-light-gray-color\"><strong>Envie seu cap\u00edtulo<\/strong><\/mark><\/a><\/figcaption><\/figure>\n<\/figure>\n<\/div><\/div>\n<\/div><\/div>\n\n\n\n<div class=\"wp-block-group is-layout-constrained wp-block-group-is-layout-constrained\"><div class=\"wp-block-group__inner-container\">\n<figure class=\"wp-block-gallery aligncenter has-nested-images columns-default is-cropped wp-block-gallery-8 is-layout-flex wp-block-gallery-is-layout-flex\"><\/figure>\n<\/div><\/div>\n\n\n\n<p>Conhe\u00e7a nosso <a rel=\"noreferrer noopener\" href=\"http:\/\/www.editorasynapse.org\/index.php\/livros\/conselho-editorial\/\" target=\"_blank\">Conselho Editorial<\/a>.<\/p>\n\n\n\n<p><\/p>\n","protected":false},"excerpt":{"rendered":"<p>Submiss\u00e3o Escreveu um livro e gostaria que o mesmo seja amplamente acessado?Chegou a oportunidade de transformar o seu projeto em realidade. Em breve, o seu livro pode compor o acervo da nossa biblioteca digital! A distribui\u00e7\u00e3o das publica\u00e7\u00f5es ocorre em nosso Portal e nas plataformas Google Scholar, Academia, DocSity, ResearchGate e Amazon. Nosso acervo \u00e9<br \/><a class=\"btn btn-theme post-btn\" href=\"https:\/\/www.editorasynapse.org\/index.php\/livros\/\">Ler mais<\/a><\/p>\n","protected":false},"author":1,"featured_media":0,"parent":0,"menu_order":0,"comment_status":"closed","ping_status":"closed","template":"","meta":{"footnotes":""},"_links":{"self":[{"href":"https:\/\/www.editorasynapse.org\/index.php\/wp-json\/wp\/v2\/pages\/101"}],"collection":[{"href":"https:\/\/www.editorasynapse.org\/index.php\/wp-json\/wp\/v2\/pages"}],"about":[{"href":"https:\/\/www.editorasynapse.org\/index.php\/wp-json\/wp\/v2\/types\/page"}],"author":[{"embeddable":true,"href":"https:\/\/www.editorasynapse.org\/index.php\/wp-json\/wp\/v2\/users\/1"}],"replies":[{"embeddable":true,"href":"https:\/\/www.editorasynapse.org\/index.php\/wp-json\/wp\/v2\/comments?post=101"}],"version-history":[{"count":113,"href":"https:\/\/www.editorasynapse.org\/index.php\/wp-json\/wp\/v2\/pages\/101\/revisions"}],"predecessor-version":[{"id":1351,"href":"https:\/\/www.editorasynapse.org\/index.php\/wp-json\/wp\/v2\/pages\/101\/revisions\/1351"}],"wp:attachment":[{"href":"https:\/\/www.editorasynapse.org\/index.php\/wp-json\/wp\/v2\/media?parent=101"}],"curies":[{"name":"wp","href":"https:\/\/api.w.org\/{rel}","templated":true}]}}